{"id":16314,"date":"2021-02-01T14:01:01","date_gmt":"2021-02-01T13:01:01","guid":{"rendered":"https:\/\/alpalga.fr\/publications\/"},"modified":"2025-10-26T16:55:37","modified_gmt":"2025-10-26T15:55:37","slug":"publications","status":"publish","type":"page","link":"https:\/\/alpalga.fr\/en\/publications\/","title":{"rendered":"Publications"},"content":{"rendered":"<div class=\"wpb-content-wrapper\"><p>[vc_row css_animation=&#8221;&#8221; row_type=&#8221;row&#8221; use_row_as_full_screen_section=&#8221;no&#8221; type=&#8221;grid&#8221; angled_section=&#8221;no&#8221; text_align=&#8221;left&#8221; background_image_as_pattern=&#8221;without_pattern&#8221; padding_top=&#8221;36&#8243; padding_bottom=&#8221;24&#8243; border_color=&#8221;#eaeaea&#8221;][vc_column][vc_column_text]<\/p>\n<h2 style=\"text-align: center;\">Publications<\/h2>\n<p>[\/vc_column_text][vc_separator type=&#8221;transparent&#8221; up=&#8221;36&#8243; down=&#8221;0&#8243;][vc_column_text css=&#8221;&#8221;]<\/p>\n<div><i>Our scientific publications are listed by year.<\/i><\/div>\n<p>[\/vc_column_text][vc_separator type=&#8221;transparent&#8221; up=&#8221;36&#8243; down=&#8221;0&#8243;]<div class=\"qode-advanced-tabs qode-advanced-tabs qode-advanced-horizontal-tab clearfix qode-advanced-tab-without-icon qode-advanced-tabs-column-1 clearfix\">\n\t<ul class=\"qode-advanced-tabs-nav\">\n\t\t\t\t\t<li>\n\t\t\t\t<h3>\n\t\t\t\t\t<a href=\"#tab-2025\">\n\t\t\t\t\t\t\n\t\t\t\t\t\t\t\t\t\t\t\t\t<span class=\"qode-advanced-tab-text-after-icon\">\n\t\t\t\t\t\t\t\t2025\t\t\t\t\t\t\t<\/span>\n\t\t\t\t\t\t\t\t\t\t\t<\/a>\n\t\t\t\t<\/h3>\n\t\t\t<\/li>\n\t\t\t<\/ul>\n\t<div class=\"qode-advanced-tab-container\" id=\"tab-2025-225\" data-icon-pack=\"\" data-icon-html=\"\">[vc_column_text css=&#8221;&#8221;]Jade A. Ezzedine, Pierre Guenzi-Tiberi, Ga\u00eblle Villain, Riccardo Aiese Cigliano, Yacine Diagne, Enzo Franceschi, Elodie Drula, J\u00e9r\u00f4me For\u00eat, Jean-Gabriel Valay, Lenka Proch\u00e1zkov\u00e1, Daniel Remias, Nicolas Terrapon, Alberto Amato, Eric Mar\u00e9chal (2025) <strong><a href=\"https:\/\/www.nature.com\/articles\/s42003-025-08506-w\">Snow- and ice-ecosystem cleaning capability of the pucciniomycotinous yeast Phenoliferia psychrophenolica.<\/a> <em>Communications Biology<\/em><\/strong> 8, 1084. <a href=\"https:\/\/doi.org\/10.1038\/s42003-025-08506-w\">https:\/\/doi.org\/10.1038\/s42003-025-08506-w<\/a>[\/vc_column_text]<\/div><\/div><div class=\"qode-advanced-tabs qode-advanced-tabs qode-advanced-horizontal-tab clearfix qode-advanced-tab-without-icon qode-advanced-tabs-column-1 clearfix\">\n\t<ul class=\"qode-advanced-tabs-nav\">\n\t\t\t\t\t<li>\n\t\t\t\t<h3>\n\t\t\t\t\t<a href=\"#tab-2024\">\n\t\t\t\t\t\t\n\t\t\t\t\t\t\t\t\t\t\t\t\t<span class=\"qode-advanced-tab-text-after-icon\">\n\t\t\t\t\t\t\t\t2024\t\t\t\t\t\t\t<\/span>\n\t\t\t\t\t\t\t\t\t\t\t<\/a>\n\t\t\t\t<\/h3>\n\t\t\t<\/li>\n\t\t\t<\/ul>\n\t<div class=\"qode-advanced-tab-container\" id=\"tab-2024-666\" data-icon-pack=\"\" data-icon-html=\"\">[vc_column_text css=&#8221;&#8221;]L\u00e9on Roussel, Marie Dumont, Simon Gascoin, Diego Monteiro, Mathias Bavay, Pierre Nabat, Jade A. Ezzedine, Mathieu Fructus, Matthieu Lafaysse, Samuel Morin &amp; Eric Mar\u00e9chal (2024) <strong><a href=\"https:\/\/www.pnas.org\/doi\/abs\/10.1073\/pnas.2400362121\">Snowmelt duration controls red algal blooms in the snow of the European Alps<\/a> <em>Proceedings of the national Academy of Sciences USA. <\/em><\/strong>pnas.org\/doi\/abs\/10.1073\/pnas.2400362121[\/vc_column_text]<\/div><\/div><div class=\"qode-advanced-tabs qode-advanced-tabs qode-advanced-horizontal-tab clearfix qode-advanced-tab-without-icon qode-advanced-tabs-column-1 clearfix\">\n\t<ul class=\"qode-advanced-tabs-nav\">\n\t\t\t\t\t<li>\n\t\t\t\t<h3>\n\t\t\t\t\t<a href=\"#tab-2023\">\n\t\t\t\t\t\t\n\t\t\t\t\t\t\t\t\t\t\t\t\t<span class=\"qode-advanced-tab-text-after-icon\">\n\t\t\t\t\t\t\t\t2023\t\t\t\t\t\t\t<\/span>\n\t\t\t\t\t\t\t\t\t\t\t<\/a>\n\t\t\t\t<\/h3>\n\t\t\t<\/li>\n\t\t\t<\/ul>\n\t<div class=\"qode-advanced-tab-container\" id=\"tab-2023-27\" data-icon-pack=\"\" data-icon-html=\"\">[vc_column_text css=&#8221;&#8221;]Jade A. Ezzedine, Clarisse Uwizeye, Gr\u00e9gory Si Larbi, Gaelle Villain, Mathilde Louwagie, Marion Schilling, Pascal Hagenmuller, Beno\u00eet Gallet, Adeline Stewart, Dimitris Petroutsos, Fabienne Devime, Pascal Salze, Lucie Liger, Juliette Jouhet, Marie Dumont, St\u00e9phane Ravanel, Alberto Amato, Jean-Gabriel Valay, Pierre-Henri Jouneau, Denis Falconet &amp; Eric Mar\u00e9chal (2023) <a href=\"https:\/\/www.nature.com\/articles\/s41467-023-43030-7\"><strong>Adaptive traits of cysts of the snow alga Sanguina nivaloides unveiled by 3D subcellular imaging<\/strong> <\/a><strong><em>Nature Communications.<\/em><\/strong>doi.org\/10.1038\/s41467-023-43030-7[\/vc_column_text]<\/div><\/div><div class=\"qode-advanced-tabs qode-advanced-tabs qode-advanced-horizontal-tab clearfix qode-advanced-tab-without-icon qode-advanced-tabs-column-1 clearfix\">\n\t<ul class=\"qode-advanced-tabs-nav\">\n\t\t\t\t\t<li>\n\t\t\t\t<h3>\n\t\t\t\t\t<a href=\"#tab-2022\">\n\t\t\t\t\t\t\n\t\t\t\t\t\t\t\t\t\t\t\t\t<span class=\"qode-advanced-tab-text-after-icon\">\n\t\t\t\t\t\t\t\t2022\t\t\t\t\t\t\t<\/span>\n\t\t\t\t\t\t\t\t\t\t\t<\/a>\n\t\t\t\t<\/h3>\n\t\t\t<\/li>\n\t\t\t<\/ul>\n\t<div class=\"qode-advanced-tab-container\" id=\"tab-2022-408\" data-icon-pack=\"\" data-icon-html=\"\">[vc_column_text]Eric Marechal and Linda Nedbalov\u00e1 (2022) <strong><a href=\"https:\/\/www.frontiersin.org\/articles\/10.3389\/fpls.2022.868467\/full\">Editorial: Ice and Snow Algae<\/a>. <em>Frontiers in Plant Science. <\/em><\/strong>doi: 10.3389\/fpls.2022.868467[\/vc_column_text]<\/div><\/div><div class=\"qode-advanced-tabs qode-advanced-tabs qode-advanced-horizontal-tab clearfix qode-advanced-tab-without-icon qode-advanced-tabs-column-1 clearfix\">\n\t<ul class=\"qode-advanced-tabs-nav\">\n\t\t\t\t\t<li>\n\t\t\t\t<h3>\n\t\t\t\t\t<a href=\"#tab-2021\">\n\t\t\t\t\t\t\n\t\t\t\t\t\t\t\t\t\t\t\t\t<span class=\"qode-advanced-tab-text-after-icon\">\n\t\t\t\t\t\t\t\t2021\t\t\t\t\t\t\t<\/span>\n\t\t\t\t\t\t\t\t\t\t\t<\/a>\n\t\t\t\t<\/h3>\n\t\t\t<\/li>\n\t\t\t<\/ul>\n\t<div class=\"qode-advanced-tab-container\" id=\"tab-2021-417\" data-icon-pack=\"\" data-icon-html=\"\">[vc_column_text]Adeline Stewart, Delphine Rioux, Frederic Boyer, Ludovic Gielly, Fran\u00e7ois Pompanon, Am\u00e9lie Saillard, Wilfried Thuiller, Jean-Gabriel Valay, Eric Marechal and Eric Coissac. (2021) <strong><a href=\"https:\/\/www.frontiersin.org\/articles\/10.3389\/fpls.2021.679428\/abstract\" target=\"_blank\" rel=\"noopener\">Altitudinal zonation of green algae biodiversity in the French Alps<\/a>. <em>Frontiers in Plant Science. <\/em><\/strong>doi: 10.3389\/fpls.2021.679428[\/vc_column_text]<\/div><\/div>[\/vc_column][\/vc_row]<\/p>\n<\/div>","protected":false},"excerpt":{"rendered":"<p>[vc_row css_animation=&#8221;&#8221; row_type=&#8221;row&#8221; use_row_as_full_screen_section=&#8221;no&#8221; type=&#8221;grid&#8221; angled_section=&#8221;no&#8221; text_align=&#8221;left&#8221; background_image_as_pattern=&#8221;without_pattern&#8221; padding_top=&#8221;36&#8243; padding_bottom=&#8221;24&#8243; border_color=&#8221;#eaeaea&#8221;][vc_column][vc_column_text] Publications [\/vc_column_text][vc_separator type=&#8221;transparent&#8221; up=&#8221;36&#8243; down=&#8221;0&#8243;][vc_column_text css=&#8221;&#8221;] Our scientific publications are listed by year. [\/vc_column_text][vc_separator type=&#8221;transparent&#8221; up=&#8221;36&#8243; down=&#8221;0&#8243;][\/vc_column][\/vc_row]<\/p>\n","protected":false},"author":1,"featured_media":0,"parent":0,"menu_order":0,"comment_status":"open","ping_status":"closed","template":"full_width.php","meta":{"footnotes":""},"class_list":["post-16314","page","type-page","status-publish","hentry"],"_links":{"self":[{"href":"https:\/\/alpalga.fr\/en\/wp-json\/wp\/v2\/pages\/16314","targetHints":{"allow":["GET"]}}],"collection":[{"href":"https:\/\/alpalga.fr\/en\/wp-json\/wp\/v2\/pages"}],"about":[{"href":"https:\/\/alpalga.fr\/en\/wp-json\/wp\/v2\/types\/page"}],"author":[{"embeddable":true,"href":"https:\/\/alpalga.fr\/en\/wp-json\/wp\/v2\/users\/1"}],"replies":[{"embeddable":true,"href":"https:\/\/alpalga.fr\/en\/wp-json\/wp\/v2\/comments?post=16314"}],"version-history":[{"count":11,"href":"https:\/\/alpalga.fr\/en\/wp-json\/wp\/v2\/pages\/16314\/revisions"}],"predecessor-version":[{"id":17827,"href":"https:\/\/alpalga.fr\/en\/wp-json\/wp\/v2\/pages\/16314\/revisions\/17827"}],"wp:attachment":[{"href":"https:\/\/alpalga.fr\/en\/wp-json\/wp\/v2\/media?parent=16314"}],"curies":[{"name":"wp","href":"https:\/\/api.w.org\/{rel}","templated":true}]}}