{"id":17876,"date":"2026-01-08T16:20:51","date_gmt":"2026-01-08T15:20:51","guid":{"rendered":"https:\/\/alpalga.fr\/?page_id=17876"},"modified":"2026-02-26T18:02:22","modified_gmt":"2026-02-26T17:02:22","slug":"sagiam2026","status":"publish","type":"page","link":"https:\/\/alpalga.fr\/en\/sagiam2026\/","title":{"rendered":"SAGIAM2026"},"content":{"rendered":"<h1 style=\"text-align: center;\"><\/h1>\n<h1 style=\"text-align: center;\">&#8211;<\/h1>\n<h1 style=\"text-align: center;\">6th Snow Algae &amp; Glacier Ice Algae Meeting<\/h1>\n<h2 style=\"text-align: center;\">Grenoble, 24-25 Feb 2026<\/h2>\n<p>&nbsp;<\/p>\n<p><img loading=\"lazy\" decoding=\"async\" class=\"size-medium wp-image-17877 aligncenter\" src=\"https:\/\/alpalga.fr\/wp-content\/uploads\/2026\/01\/logo-SAGIAM2026-300x114.png\" alt=\"\" width=\"300\" height=\"114\" srcset=\"https:\/\/alpalga.fr\/wp-content\/uploads\/2026\/01\/logo-SAGIAM2026-300x114.png 300w, https:\/\/alpalga.fr\/wp-content\/uploads\/2026\/01\/logo-SAGIAM2026-700x265.png 700w, https:\/\/alpalga.fr\/wp-content\/uploads\/2026\/01\/logo-SAGIAM2026.png 748w\" sizes=\"auto, (max-width: 300px) 100vw, 300px\" \/><\/p>\n<h2 style=\"text-align: center;\"><a href=\"https:\/\/alpalga.fr\/en\/\" target=\"_blank\" rel=\"noopener\"><img loading=\"lazy\" decoding=\"async\" class=\"alignnone wp-image-17451\" src=\"https:\/\/alpalga.fr\/wp-content\/uploads\/2023\/04\/Alpalga-1-300x237.png\" alt=\"\" width=\"79\" height=\"63\" srcset=\"https:\/\/alpalga.fr\/wp-content\/uploads\/2023\/04\/Alpalga-1-300x237.png 300w, https:\/\/alpalga.fr\/wp-content\/uploads\/2023\/04\/Alpalga-1.png 317w\" sizes=\"auto, (max-width: 79px) 100vw, 79px\" \/><\/a> \u00a0 \u00a0 <img loading=\"lazy\" decoding=\"async\" class=\"alignnone wp-image-17879\" src=\"https:\/\/alpalga.fr\/wp-content\/uploads\/2026\/01\/min_Logo_IRIG_2023-300x146.jpg\" alt=\"\" width=\"123\" height=\"60\" srcset=\"https:\/\/alpalga.fr\/wp-content\/uploads\/2026\/01\/min_Logo_IRIG_2023-300x146.jpg 300w, https:\/\/alpalga.fr\/wp-content\/uploads\/2026\/01\/min_Logo_IRIG_2023-1024x500.jpg 1024w, https:\/\/alpalga.fr\/wp-content\/uploads\/2026\/01\/min_Logo_IRIG_2023-768x375.jpg 768w, https:\/\/alpalga.fr\/wp-content\/uploads\/2026\/01\/min_Logo_IRIG_2023-700x342.jpg 700w, https:\/\/alpalga.fr\/wp-content\/uploads\/2026\/01\/min_Logo_IRIG_2023.jpg 1049w\" sizes=\"auto, (max-width: 123px) 100vw, 123px\" \/> \u00a0\u00a0 <a href=\"https:\/\/anr.fr\/\"><img loading=\"lazy\" decoding=\"async\" class=\"alignnone wp-image-17756 \" src=\"https:\/\/alpalga.fr\/wp-content\/uploads\/2025\/10\/i0Dzu1O_400x400-300x300.png\" alt=\"\" width=\"72\" height=\"72\" srcset=\"https:\/\/alpalga.fr\/wp-content\/uploads\/2025\/10\/i0Dzu1O_400x400-300x300.png 300w, https:\/\/alpalga.fr\/wp-content\/uploads\/2025\/10\/i0Dzu1O_400x400-150x150.png 150w, https:\/\/alpalga.fr\/wp-content\/uploads\/2025\/10\/i0Dzu1O_400x400.png 400w\" sizes=\"auto, (max-width: 72px) 100vw, 72px\" \/><\/a><\/h2>\n<p style=\"text-align: center;\"><a href=\"https:\/\/www.google.fr\/maps\/place\/Maison+de+la+Cr%C3%A9ation+et+de+l'Innovation+-+MaCI\/@45.1917834,5.7635772,531m\/data=!3m2!1e3!4b1!4m6!3m5!1s0x478af5f4315bdcd5:0xfb03ea533c106ce6!8m2!3d45.1917834!4d5.7635772!16s%2Fg%2F11h4tnvk05?entry=ttu&amp;g_ep=EgoyMDI2MDEwNC4wIKXMDSoASAFQAw%3D%3D\"><strong>MACI (Maison de la Cr\u00e9ation et de l&#8217;Innovation)<\/strong><\/a><\/p>\n<p style=\"text-align: center;\">339 Avenue Centrale, 38400 Saint-Martin-d&#8217;H\u00e8res<br \/>\nUniversit\u00e9 Grenoble Alpes<br \/>\n<b>&#8212;<\/b><\/p>\n<p style=\"text-align: center;\"><img loading=\"lazy\" decoding=\"async\" class=\"alignnone wp-image-17922\" src=\"https:\/\/alpalga.fr\/wp-content\/uploads\/2026\/02\/20260224_152405-300x189.jpg\" alt=\"Participants to\" width=\"538\" height=\"339\" srcset=\"https:\/\/alpalga.fr\/wp-content\/uploads\/2026\/02\/20260224_152405-300x189.jpg 300w, https:\/\/alpalga.fr\/wp-content\/uploads\/2026\/02\/20260224_152405-1024x644.jpg 1024w, https:\/\/alpalga.fr\/wp-content\/uploads\/2026\/02\/20260224_152405-768x483.jpg 768w, https:\/\/alpalga.fr\/wp-content\/uploads\/2026\/02\/20260224_152405-1536x966.jpg 1536w, https:\/\/alpalga.fr\/wp-content\/uploads\/2026\/02\/20260224_152405-2048x1289.jpg 2048w, https:\/\/alpalga.fr\/wp-content\/uploads\/2026\/02\/20260224_152405-700x440.jpg 700w\" sizes=\"auto, (max-width: 538px) 100vw, 538px\" \/><\/p>\n<p style=\"text-align: center;\">&#8212;<\/p>\n<p style=\"text-align: center;\">Following the success of previous meetings, <strong>SAM (Snow Algae Meeting) has now evolved into SAGIAM<\/strong>, bringing together researchers from around the world working on <strong>snow and glacier ice algae<\/strong>. In the same spirit, no registration fees were charged, and the AlpAlga consortium was delighted to welcoming this prestigious workshop at Universit\u00e9 Grenoble Alpes! <strong>Session topics<\/strong> followed the format of previous editions, fostering discussion, exchange, and collaboration. Colleagues investigating snow and ice algae in all their forms and from any discipline were warmly invited to present<br \/>\nand share their research in an informal, workshop-like setting over two full days.<\/p>\n<p style=\"text-align: center;\"><strong>Scientific committee<\/strong>: Alberto Amato (LPCV Grenoble), Helen Feord (GFZ Potsdam, Germany), Trinity Hamilton (University of Minnesota, USA), Robin Kodner (Western Washington University, USA) and Eric Mar\u00e9chal (LPCV Grenoble).<\/p>\n<p style=\"text-align: center;\">&#8212;<\/p>\n<div style=\"padding: 0 20px; max-width: 900px; margin: auto;\">\n<h3 style=\"text-align: center;\"><a href=\"https:\/\/alpalga.fr\/wp-content\/uploads\/2026\/02\/SAGIAM2026-Program-and-Abstracts.pdf\">PROGRAM &amp; ABSTRACT BOOK IS HERE<\/a><\/h3>\n<\/div>\n<p>&nbsp;<\/p>\n<p>&nbsp;<\/p>\n<p>&nbsp;<\/p>\n<div style=\"padding: 0 20px; max-width: 900px; margin: auto;\">\n<p style=\"text-align: center;\">\n<\/div>\n","protected":false},"excerpt":{"rendered":"<p>&#8211; 6th Snow Algae &amp; Glacier Ice Algae Meeting Grenoble, 24-25 Feb 2026 &nbsp; \u00a0 \u00a0 \u00a0\u00a0 MACI (Maison de la Cr\u00e9ation et de l&#8217;Innovation) 339 Avenue Centrale, 38400 Saint-Martin-d&#8217;H\u00e8res Universit\u00e9 Grenoble Alpes &#8212; &#8212; Following the success of previous meetings, SAM (Snow Algae Meeting)&#8230;<\/p>\n","protected":false},"author":2,"featured_media":0,"parent":0,"menu_order":0,"comment_status":"open","ping_status":"closed","template":"full_width.php","meta":{"footnotes":""},"class_list":["post-17876","page","type-page","status-publish","hentry"],"_links":{"self":[{"href":"https:\/\/alpalga.fr\/en\/wp-json\/wp\/v2\/pages\/17876","targetHints":{"allow":["GET"]}}],"collection":[{"href":"https:\/\/alpalga.fr\/en\/wp-json\/wp\/v2\/pages"}],"about":[{"href":"https:\/\/alpalga.fr\/en\/wp-json\/wp\/v2\/types\/page"}],"author":[{"embeddable":true,"href":"https:\/\/alpalga.fr\/en\/wp-json\/wp\/v2\/users\/2"}],"replies":[{"embeddable":true,"href":"https:\/\/alpalga.fr\/en\/wp-json\/wp\/v2\/comments?post=17876"}],"version-history":[{"count":12,"href":"https:\/\/alpalga.fr\/en\/wp-json\/wp\/v2\/pages\/17876\/revisions"}],"predecessor-version":[{"id":17935,"href":"https:\/\/alpalga.fr\/en\/wp-json\/wp\/v2\/pages\/17876\/revisions\/17935"}],"wp:attachment":[{"href":"https:\/\/alpalga.fr\/en\/wp-json\/wp\/v2\/media?parent=17876"}],"curies":[{"name":"wp","href":"https:\/\/api.w.org\/{rel}","templated":true}]}}